{"id":13,"date":"2023-10-04T10:47:39","date_gmt":"2023-10-04T10:47:39","guid":{"rendered":"https:\/\/allawi-sicherheit.de\/?page_id=13"},"modified":"2023-10-04T10:47:39","modified_gmt":"2023-10-04T10:47:39","slug":"leistungen","status":"publish","type":"page","link":"https:\/\/allawi-sicherheit.de\/index.php\/leistungen\/","title":{"rendered":"Leistungen"},"content":{"rendered":"\n<p>Gerne stellen wir Ihnen unser qualifiziertes und zertifiziertes Sicherheitspersonal zur Verf\u00fcgung.<\/p>\n\n\n\n<p><strong>Objektschutz<\/strong><\/p>\n\n\n\n<p>Objektschutz ben\u00f6tigt besondere Wachsamkeit und Durchhalteverm\u00f6gen. Mit einem guten Auge f\u00fcr ungew\u00f6hnliche Vorkommnisse k\u00f6nnen potenzielle Gefahrensituationen abgewendet werden lange bevor sie entstehen. Unsere Sicherheitskr\u00e4fte behalten Ihr Hab und Gut f\u00fcr Sie rund um die Uhr im Blick.<\/p>\n\n\n\n<p><strong>Veranstaltungsschutz<\/strong><\/p>\n\n\n\n<p>Um einen geregelten Ablauf Ihrer Veranstaltung zu gew\u00e4hrleisten, braucht es den richtigen \u00dcberblick. Ob zus\u00e4tzlicher Schutz bei Ankunft und Abreise oder Individuelle Betreuung Ihrer G\u00e4ste. Unsere Mitarbeiter sind f\u00fcr Sie einsatzbereit. Wir gl\u00e4nzen durch eine deeskalierende Arbeitsweise und schnelle, klare Kommunikation. So k\u00f6nnen wir uns auch nahtlos in andere Sicherheitsteams einf\u00fcgen.<\/p>\n\n\n\n<p><strong>Personenschutz<\/strong><\/p>\n\n\n\n<p>Ihr pers\u00f6nlicher Schutz hat h\u00f6chste Priorit\u00e4t. Wir passen uns Ihren individuellen W\u00fcnschen an.<\/p>\n","protected":false},"excerpt":{"rendered":"<p>Gerne stellen wir Ihnen unser qualifiziertes und zertifiziertes Sicherheitspersonal zur Verf\u00fcgung. Objektschutz Objektschutz ben\u00f6tigt besondere Wachsamkeit und Durchhalteverm\u00f6gen. Mit einem guten Auge f\u00fcr ungew\u00f6hnliche Vorkommnisse k\u00f6nnen potenzielle Gefahrensituationen abgewendet werden lange bevor sie entstehen. Unsere Sicherheitskr\u00e4fte behalten Ihr Hab und Gut f\u00fcr Sie rund um die Uhr im Blick. Veranstaltungsschutz Um einen geregelten Ablauf Ihrer [&hellip;]<\/p>\n","protected":false},"author":1,"featured_media":0,"parent":0,"menu_order":0,"comment_status":"closed","ping_status":"closed","template":"","meta":{"footnotes":""},"class_list":["post-13","page","type-page","status-publish","hentry"],"_links":{"self":[{"href":"https:\/\/allawi-sicherheit.de\/index.php\/wp-json\/wp\/v2\/pages\/13"}],"collection":[{"href":"https:\/\/allawi-sicherheit.de\/index.php\/wp-json\/wp\/v2\/pages"}],"about":[{"href":"https:\/\/allawi-sicherheit.de\/index.php\/wp-json\/wp\/v2\/types\/page"}],"author":[{"embeddable":true,"href":"https:\/\/allawi-sicherheit.de\/index.php\/wp-json\/wp\/v2\/users\/1"}],"replies":[{"embeddable":true,"href":"https:\/\/allawi-sicherheit.de\/index.php\/wp-json\/wp\/v2\/comments?post=13"}],"version-history":[{"count":1,"href":"https:\/\/allawi-sicherheit.de\/index.php\/wp-json\/wp\/v2\/pages\/13\/revisions"}],"predecessor-version":[{"id":14,"href":"https:\/\/allawi-sicherheit.de\/index.php\/wp-json\/wp\/v2\/pages\/13\/revisions\/14"}],"wp:attachment":[{"href":"https:\/\/allawi-sicherheit.de\/index.php\/wp-json\/wp\/v2\/media?parent=13"}],"curies":[{"name":"wp","href":"https:\/\/api.w.org\/{rel}","templated":true}]}}