{"id":15,"date":"2023-10-04T10:51:16","date_gmt":"2023-10-04T10:51:16","guid":{"rendered":"https:\/\/allawi-sicherheit.de\/?page_id=15"},"modified":"2023-10-04T10:51:16","modified_gmt":"2023-10-04T10:51:16","slug":"uber-uns","status":"publish","type":"page","link":"https:\/\/allawi-sicherheit.de\/index.php\/uber-uns\/","title":{"rendered":"\u00dcber uns"},"content":{"rendered":"\n<p>Bei unserem<strong> Allawi Sicherheit und Service<\/strong>-Team steht der Schutz unserer Kunden an oberster Stelle. Wir sind eine junge Firma mit gro\u00dfen Zielen. Nachdem unser Gr\u00fcnder selbst mehrere Jahre als Sicherheitskraft gearbeitet hat, wurde es Zeit seine Erfahrungen und Ideen in einer eigenen Firma zu verwirklichen. Durch dieses Einsch\u00e4tzungsverm\u00f6gen passen wir uns den Bed\u00fcrfnissen unserer Kunden an. Unsere Mitarbeiter stehen Ihnen als zertifizierter und qualifizierter Personen-, Objekt-, und Veranstaltungsschutz zu Verf\u00fcgung. Wir setzen bei unseren Sicherheitskr\u00e4ften auf ein ruhiges und souver\u00e4nes Auftreten, um Eskalationen w\u00e4hrend ihrer Arbeit zu vermeiden, aber im Ernstfall schnell eingreifen zu k\u00f6nnen, damit gef\u00e4hrliche Situationen gar nicht erst entstehen. Gerade in der Servicebranche ist es wichtig, dass wir durch unser Auftreten gl\u00e4nzen. Wir sind f\u00fcr unsere Kunden in ganz Deutschland jederzeit erreichbar und pers\u00f6nlich an Ort und Stelle. Qualit\u00e4t und Loyalit\u00e4t ist unser Motto. Wir wollen Ihnen einen sorgenfreien Raum schaffen, damit Sie ungehindert Ihre Ideen umsetzen k\u00f6nnen.<\/p>\n\n\n\n<p>\u201eDie Sorge um Sicherheit kann schnell den Alltag \u00fcberschatten. Durch meine pers\u00f6nlichen Erfahrungen habe ich eine besondere Wertsch\u00e4tzung f\u00fcr das geschenkte Vertrauen meiner Kunden. Ich m\u00f6chte mit gemeinsam mit meinem Team dazu beitragen, dass Sie sich sorgenfrei Ihrer Arbeit und Ihrem Leben widmen k\u00f6nnen.\u201c<\/p>\n","protected":false},"excerpt":{"rendered":"<p>Bei unserem Allawi Sicherheit und Service-Team steht der Schutz unserer Kunden an oberster Stelle. Wir sind eine junge Firma mit gro\u00dfen Zielen. Nachdem unser Gr\u00fcnder selbst mehrere Jahre als Sicherheitskraft gearbeitet hat, wurde es Zeit seine Erfahrungen und Ideen in einer eigenen Firma zu verwirklichen. Durch dieses Einsch\u00e4tzungsverm\u00f6gen passen wir uns den Bed\u00fcrfnissen unserer Kunden [&hellip;]<\/p>\n","protected":false},"author":1,"featured_media":0,"parent":0,"menu_order":0,"comment_status":"closed","ping_status":"closed","template":"","meta":{"footnotes":""},"class_list":["post-15","page","type-page","status-publish","hentry"],"_links":{"self":[{"href":"https:\/\/allawi-sicherheit.de\/index.php\/wp-json\/wp\/v2\/pages\/15"}],"collection":[{"href":"https:\/\/allawi-sicherheit.de\/index.php\/wp-json\/wp\/v2\/pages"}],"about":[{"href":"https:\/\/allawi-sicherheit.de\/index.php\/wp-json\/wp\/v2\/types\/page"}],"author":[{"embeddable":true,"href":"https:\/\/allawi-sicherheit.de\/index.php\/wp-json\/wp\/v2\/users\/1"}],"replies":[{"embeddable":true,"href":"https:\/\/allawi-sicherheit.de\/index.php\/wp-json\/wp\/v2\/comments?post=15"}],"version-history":[{"count":1,"href":"https:\/\/allawi-sicherheit.de\/index.php\/wp-json\/wp\/v2\/pages\/15\/revisions"}],"predecessor-version":[{"id":16,"href":"https:\/\/allawi-sicherheit.de\/index.php\/wp-json\/wp\/v2\/pages\/15\/revisions\/16"}],"wp:attachment":[{"href":"https:\/\/allawi-sicherheit.de\/index.php\/wp-json\/wp\/v2\/media?parent=15"}],"curies":[{"name":"wp","href":"https:\/\/api.w.org\/{rel}","templated":true}]}}