{"id":17,"date":"2023-10-04T10:52:50","date_gmt":"2023-10-04T10:52:50","guid":{"rendered":"https:\/\/allawi-sicherheit.de\/?page_id=17"},"modified":"2023-10-04T10:52:50","modified_gmt":"2023-10-04T10:52:50","slug":"kontakt","status":"publish","type":"page","link":"https:\/\/allawi-sicherheit.de\/index.php\/kontakt\/","title":{"rendered":"Kontakt"},"content":{"rendered":"\n<p>Kontakt:<\/p>\n\n\n\n<p>Gesch\u00e4ftsf\u00fchrer: Wasim Allawi<\/p>\n\n\n\n<p>Hagenm\u00fchlenweg 3<\/p>\n\n\n\n<p>37581 Bad Gandersheim<\/p>\n\n\n\n<p>E-Mail: info@allawi-sicherheit.de<\/p>\n\n\n\n<p>Mobil: +49 1578 0863554<\/p>\n","protected":false},"excerpt":{"rendered":"<p>Kontakt: Gesch\u00e4ftsf\u00fchrer: Wasim Allawi Hagenm\u00fchlenweg 3 37581 Bad Gandersheim E-Mail: info@allawi-sicherheit.de Mobil: +49 1578 0863554<\/p>\n","protected":false},"author":1,"featured_media":0,"parent":0,"menu_order":0,"comment_status":"closed","ping_status":"closed","template":"","meta":{"footnotes":""},"class_list":["post-17","page","type-page","status-publish","hentry"],"_links":{"self":[{"href":"https:\/\/allawi-sicherheit.de\/index.php\/wp-json\/wp\/v2\/pages\/17"}],"collection":[{"href":"https:\/\/allawi-sicherheit.de\/index.php\/wp-json\/wp\/v2\/pages"}],"about":[{"href":"https:\/\/allawi-sicherheit.de\/index.php\/wp-json\/wp\/v2\/types\/page"}],"author":[{"embeddable":true,"href":"https:\/\/allawi-sicherheit.de\/index.php\/wp-json\/wp\/v2\/users\/1"}],"replies":[{"embeddable":true,"href":"https:\/\/allawi-sicherheit.de\/index.php\/wp-json\/wp\/v2\/comments?post=17"}],"version-history":[{"count":1,"href":"https:\/\/allawi-sicherheit.de\/index.php\/wp-json\/wp\/v2\/pages\/17\/revisions"}],"predecessor-version":[{"id":18,"href":"https:\/\/allawi-sicherheit.de\/index.php\/wp-json\/wp\/v2\/pages\/17\/revisions\/18"}],"wp:attachment":[{"href":"https:\/\/allawi-sicherheit.de\/index.php\/wp-json\/wp\/v2\/media?parent=17"}],"curies":[{"name":"wp","href":"https:\/\/api.w.org\/{rel}","templated":true}]}}